{"id":312,"date":"2024-07-29T19:10:18","date_gmt":"2024-07-29T19:10:18","guid":{"rendered":"https:\/\/hypernet.mx\/?page_id=312"},"modified":"2024-07-29T19:17:39","modified_gmt":"2024-07-29T19:17:39","slug":"colaboracion-en-materia-de-seguridad-y-justicia","status":"publish","type":"page","link":"https:\/\/hypernet.mx\/blog\/colaboracion-en-materia-de-seguridad-y-justicia\/","title":{"rendered":"COLABORACION EN MATERIA DE SEGURIDAD Y JUSTICIA"},"content":{"rendered":"\t\t<div data-elementor-type=\"wp-page\" data-elementor-id=\"312\" class=\"elementor elementor-312\" data-elementor-post-type=\"page\">\n\t\t\t\t<div class=\"elementor-element elementor-element-548e7929 e-flex e-con-boxed e-con e-parent\" data-id=\"548e7929\" data-element_type=\"container\">\n\t\t\t\t\t<div class=\"e-con-inner\">\n\t\t\t\t<div class=\"elementor-element elementor-element-15523a4 elementor-widget elementor-widget-spacer\" data-id=\"15523a4\" data-element_type=\"widget\" data-widget_type=\"spacer.default\">\n\t\t\t\t<div class=\"elementor-widget-container\">\n\t\t\t<style>\/*! elementor - v3.23.0 - 25-07-2024 *\/\n.elementor-column .elementor-spacer-inner{height:var(--spacer-size)}.e-con{--container-widget-width:100%}.e-con-inner>.elementor-widget-spacer,.e-con>.elementor-widget-spacer{width:var(--container-widget-width,var(--spacer-size));--align-self:var(--container-widget-align-self,initial);--flex-shrink:0}.e-con-inner>.elementor-widget-spacer>.elementor-widget-container,.e-con>.elementor-widget-spacer>.elementor-widget-container{height:100%;width:100%}.e-con-inner>.elementor-widget-spacer>.elementor-widget-container>.elementor-spacer,.e-con>.elementor-widget-spacer>.elementor-widget-container>.elementor-spacer{height:100%}.e-con-inner>.elementor-widget-spacer>.elementor-widget-container>.elementor-spacer>.elementor-spacer-inner,.e-con>.elementor-widget-spacer>.elementor-widget-container>.elementor-spacer>.elementor-spacer-inner{height:var(--container-widget-height,var(--spacer-size))}.e-con-inner>.elementor-widget-spacer.elementor-widget-empty,.e-con>.elementor-widget-spacer.elementor-widget-empty{position:relative;min-height:22px;min-width:22px}.e-con-inner>.elementor-widget-spacer.elementor-widget-empty .elementor-widget-empty-icon,.e-con>.elementor-widget-spacer.elementor-widget-empty .elementor-widget-empty-icon{position:absolute;top:0;bottom:0;left:0;right:0;margin:auto;padding:0;width:22px;height:22px}<\/style>\t\t<div class=\"elementor-spacer\">\n\t\t\t<div class=\"elementor-spacer-inner\"><\/div>\n\t\t<\/div>\n\t\t\t\t<\/div>\n\t\t\t\t<\/div>\n\t\t\t\t<div class=\"elementor-element elementor-element-9d57b94 elementor-widget elementor-widget-heading\" data-id=\"9d57b94\" data-element_type=\"widget\" data-widget_type=\"heading.default\">\n\t\t\t\t<div class=\"elementor-widget-container\">\n\t\t\t<style>\/*! elementor - v3.23.0 - 25-07-2024 *\/\n.elementor-heading-title{padding:0;margin:0;line-height:1}.elementor-widget-heading .elementor-heading-title[class*=elementor-size-]>a{color:inherit;font-size:inherit;line-height:inherit}.elementor-widget-heading .elementor-heading-title.elementor-size-small{font-size:15px}.elementor-widget-heading .elementor-heading-title.elementor-size-medium{font-size:19px}.elementor-widget-heading .elementor-heading-title.elementor-size-large{font-size:29px}.elementor-widget-heading .elementor-heading-title.elementor-size-xl{font-size:39px}.elementor-widget-heading .elementor-heading-title.elementor-size-xxl{font-size:59px}<\/style><h4 class=\"elementor-heading-title elementor-size-default\">En cumplimiento a lo que establece el art\u00edculo 189 y 190 de la Ley Federal de\nTelecomunicaciones y Radiodifusi\u00f3n y la Disposiciones S\u00e9ptima, Trig\u00e9simo y Cuadrag\u00e9simo\nS\u00e9ptimo de los Lineamientos de Colaboraci\u00f3n en Materia de Seguridad y Justicia, se presenta\na continuaci\u00f3n los datos del \u00c1rea Responsable para atender las solicitudes y acciones\nrelacionadas:<\/h4>\t\t<\/div>\n\t\t\t\t<\/div>\n\t\t\t\t<div class=\"elementor-element elementor-element-e66dd9b elementor-widget elementor-widget-text-editor\" data-id=\"e66dd9b\" data-element_type=\"widget\" data-widget_type=\"text-editor.default\">\n\t\t\t\t<div class=\"elementor-widget-container\">\n\t\t\t<style>\/*! elementor - v3.23.0 - 25-07-2024 *\/\n.elementor-widget-text-editor.elementor-drop-cap-view-stacked .elementor-drop-cap{background-color:#69727d;color:#fff}.elementor-widget-text-editor.elementor-drop-cap-view-framed .elementor-drop-cap{color:#69727d;border:3px solid;background-color:transparent}.elementor-widget-text-editor:not(.elementor-drop-cap-view-default) .elementor-drop-cap{margin-top:8px}.elementor-widget-text-editor:not(.elementor-drop-cap-view-default) .elementor-drop-cap-letter{width:1em;height:1em}.elementor-widget-text-editor .elementor-drop-cap{float:left;text-align:center;line-height:1;font-size:50px}.elementor-widget-text-editor .elementor-drop-cap-letter{display:inline-block}<\/style>\t\t\t\t<!-- wp:paragraph --><!-- \/wp:paragraph --><!-- wp:paragraph -->\n<ul>\n<li>Nombre del \u00c1rea Responsable: \u00c1REA LEGAL<\/li>\n<li>Correo electr\u00f3nico: legal-regulatorio@hypernet.mx<\/li>\n<li>N\u00famero telef\u00f3nico: (627)5231898<br \/><br \/><\/li>\n<\/ul>\n<!-- \/wp:paragraph -->\t\t\t\t\t\t<\/div>\n\t\t\t\t<\/div>\n\t\t\t\t<div class=\"elementor-element elementor-element-08dfcdc elementor-widget elementor-widget-text-editor\" data-id=\"08dfcdc\" data-element_type=\"widget\" data-widget_type=\"text-editor.default\">\n\t\t\t\t<div class=\"elementor-widget-container\">\n\t\t\t\t\t\t\t<p>Los requerimientos, \u00fanicamente pueden realizarlos autoridades que est\u00e9n facultadas en t\u00e9rminos del ACUERDO mediante el cual el Pleno del Instituto Federal de Telecomunicaciones expide los Lineamientos de Colaboraci\u00f3n en Materia de Seguridad y Justicia, publicado en Diario Oficial de la Federaci\u00f3n el 2 de diciembre de 2015 y sus respectivas modificaciones.<\/p><p><br>Sobre el particular, HYPERNET manifiesta que s\u00f3lo dar\u00e1 contestaci\u00f3n a aquellos requerimientos que cumplan con los requisitos de ley y se encuentren debidamente fundados<br>y motivados y que, adem\u00e1s, indiquen la manera en que deba mandarse la informaci\u00f3n y\/o documentaci\u00f3n que, en su caso, proceda.<\/p><p><br>La informaci\u00f3n proporcionada a las autoridades facultadas y acreditadas no constituye una violaci\u00f3n, ni contraviene a la Ley Federal de Transparencia y Acceso a la Informaci\u00f3n P\u00fablica, as\u00ed como a la Ley Federal de Protecci\u00f3n de Datos Personales en Posesi\u00f3n de los Particulares y los correlativos de sus reglamentos, por entregarse por el Autorizado con fines de apoyo a la impartici\u00f3n de justicia.<\/p>\t\t\t\t\t\t<\/div>\n\t\t\t\t<\/div>\n\t\t\t\t\t<\/div>\n\t\t\t\t<\/div>\n\t\t\t\t<\/div>\n\t\t","protected":false},"excerpt":{"rendered":"<p>En cumplimiento a lo que establece el art\u00edculo 189 y 190 de la Ley Federal de Telecomunicaciones y Radiodifusi\u00f3n y la Disposiciones S\u00e9ptima, Trig\u00e9simo y Cuadrag\u00e9simo S\u00e9ptimo de los Lineamientos de Colaboraci\u00f3n en Materia de Seguridad y Justicia, se presenta a continuaci\u00f3n los datos del \u00c1rea Responsable para atender las solicitudes y acciones relacionadas: Nombre [&hellip;]<\/p>\n","protected":false},"author":1,"featured_media":0,"parent":0,"menu_order":0,"comment_status":"closed","ping_status":"closed","template":"","meta":{"footnotes":""},"class_list":["post-312","page","type-page","status-publish","hentry"],"_links":{"self":[{"href":"https:\/\/hypernet.mx\/blog\/wp-json\/wp\/v2\/pages\/312","targetHints":{"allow":["GET"]}}],"collection":[{"href":"https:\/\/hypernet.mx\/blog\/wp-json\/wp\/v2\/pages"}],"about":[{"href":"https:\/\/hypernet.mx\/blog\/wp-json\/wp\/v2\/types\/page"}],"author":[{"embeddable":true,"href":"https:\/\/hypernet.mx\/blog\/wp-json\/wp\/v2\/users\/1"}],"replies":[{"embeddable":true,"href":"https:\/\/hypernet.mx\/blog\/wp-json\/wp\/v2\/comments?post=312"}],"version-history":[{"count":9,"href":"https:\/\/hypernet.mx\/blog\/wp-json\/wp\/v2\/pages\/312\/revisions"}],"predecessor-version":[{"id":353,"href":"https:\/\/hypernet.mx\/blog\/wp-json\/wp\/v2\/pages\/312\/revisions\/353"}],"wp:attachment":[{"href":"https:\/\/hypernet.mx\/blog\/wp-json\/wp\/v2\/media?parent=312"}],"curies":[{"name":"wp","href":"https:\/\/api.w.org\/{rel}","templated":true}]}}